{"id":12120,"date":"2025-11-17T14:31:05","date_gmt":"2025-11-17T13:31:05","guid":{"rendered":"https:\/\/francineandmat.com\/the-perfect-match\/"},"modified":"2026-03-27T00:17:45","modified_gmt":"2026-03-26T23:17:45","slug":"the-perfect-match","status":"publish","type":"page","link":"https:\/\/francineandmat.com\/en\/the-perfect-match\/","title":{"rendered":"The Perfect Match"},"content":{"rendered":"\t\t<div data-elementor-type=\"wp-page\" data-elementor-id=\"12120\" class=\"elementor elementor-12120 elementor-9117\">\n\t\t\t\t<div class=\"elementor-element elementor-element-a5cf0a9 e-flex e-con-boxed e-con e-parent\" data-id=\"a5cf0a9\" data-element_type=\"container\" data-e-type=\"container\">\n\t\t\t\t\t<div class=\"e-con-inner\">\n\t\t\t\t<div class=\"elementor-element elementor-element-acb989b elementor-widget elementor-widget-text-editor\" data-id=\"acb989b\" data-element_type=\"widget\" data-e-type=\"widget\" data-widget_type=\"text-editor.default\">\n\t\t\t\t<div class=\"elementor-widget-container\">\n\t\t\t\t\t\t\t\t\t<h3><span style=\"color:#8D7142\">Beauty begins with the right match.<\/span><\/h4>\n<p style=\"font-family: 'Nunito', Sans-serif; color: #000;\">Simply answer 5 questions to find products tailored to your needs.<\/p>\t\t\t\t\t\t\t\t<\/div>\n\t\t\t\t<\/div>\n\t\t\t\t\t<\/div>\n\t\t\t\t<\/div>\n\t\t<div class=\"elementor-element elementor-element-c8456a7 e-flex e-con-boxed e-con e-parent\" data-id=\"c8456a7\" data-element_type=\"container\" data-e-type=\"container\" data-settings=\"{&quot;background_background&quot;:&quot;classic&quot;}\">\n\t\t\t\t\t<div class=\"e-con-inner\">\n\t\t\t\t<div class=\"elementor-element elementor-element-bbf2e05 elementor-widget elementor-widget-text-editor\" data-id=\"bbf2e05\" data-element_type=\"widget\" data-e-type=\"widget\" data-widget_type=\"text-editor.default\">\n\t\t\t\t<div class=\"elementor-widget-container\">\n\t\t\t\t\t\t\t\t\t<p>    <div id=\"dks-quiz\" class=\"dks-quiz-wrap\">\n        <form id=\"dks-form\" class=\"dks-form\" novalidate>\n\n                            <div class=\"dks-question-block\">\n                    <h3 class=\"dks-question-title\">Jakiego doznania szukasz w tym momencie?<\/h3>\n\n                                            <label class=\"dks-answer-label\" style=\"display:block;margin:6px 0;\">\n                            <input class=\"dks-radio\" type=\"radio\"\n                                   name=\"question_0\"\n                                   value='[8919]'\n                                   required>\n                            <span class=\"dks-answer-text\">Potrzebuj\u0119 resetu i delikatnego zastrzyku zielonej energii, by rozpocz\u0105\u0107 dzie\u0144 z harmoni\u0105 i skupieniem.<\/span>\n                        <\/label>\n                                            <label class=\"dks-answer-label\" style=\"display:block;margin:6px 0;\">\n                            <input class=\"dks-radio\" type=\"radio\"\n                                   name=\"question_0\"\n                                   value='[8912]'\n                                   required>\n                            <span class=\"dks-answer-text\">Poszukuj\u0119 g\u0142\u0119bokiego relaksu, ciep\u0142ego, otulaj\u0105cego rytua\u0142u i czasu na regeneracj\u0119 zmys\u0142\u00f3w.<\/span>\n                        <\/label>\n                                            <label class=\"dks-answer-label\" style=\"display:block;margin:6px 0;\">\n                            <input class=\"dks-radio\" type=\"radio\"\n                                   name=\"question_0\"\n                                   value='[8792]'\n                                   required>\n                            <span class=\"dks-answer-text\">Pragn\u0119 wyj\u0105tkowego momentu \u2013 zmys\u0142owej pewno\u015bci siebie, intensywnego uj\u0119drnienia i poczucia luksusu.<\/span>\n                        <\/label>\n                                    <\/div>\n                            <div class=\"dks-question-block\">\n                    <h3 class=\"dks-question-title\">Jaka jest dzi\u015b najwi\u0119ksza aspiracja Twojej sk\u00f3ry?<\/h3>\n\n                                            <label class=\"dks-answer-label\" style=\"display:block;margin:6px 0;\">\n                            <input class=\"dks-radio\" type=\"radio\"\n                                   name=\"question_1\"\n                                   value='[8919]'\n                                   required>\n                            <span class=\"dks-answer-text\">Wyciszenie i tonowanie: Sk\u00f3ra reaktywna, z tendencj\u0105 do zaczerwienie\u0144 i wra\u017cliwo\u015bci. Szukam natychmiastowego ukojenia i wyr\u00f3wnania kolorytu.<\/span>\n                        <\/label>\n                                            <label class=\"dks-answer-label\" style=\"display:block;margin:6px 0;\">\n                            <input class=\"dks-radio\" type=\"radio\"\n                                   name=\"question_1\"\n                                   value='[8912]'\n                                   required>\n                            <span class=\"dks-answer-text\">Blask i od\u017cywienie (Glow): Sk\u00f3ra sucha, poszarza\u0142a, zm\u0119czona. Wymagam g\u0142\u0119bokiego od\u017cywienia i przywr\u00f3cenia zdrowego, promiennego blasku.<\/span>\n                        <\/label>\n                                            <label class=\"dks-answer-label\" style=\"display:block;margin:6px 0;\">\n                            <input class=\"dks-radio\" type=\"radio\"\n                                   name=\"question_1\"\n                                   value='[8792]'\n                                   required>\n                            <span class=\"dks-answer-text\">Odbudowa i j\u0119drno\u015b\u0107: Sk\u00f3ra wymagaj\u0105ca wzmocnienia bariery hydrolipidowej, regeneracji po zmianie sezon\u00f3w i widocznego uj\u0119drnienia.<\/span>\n                        <\/label>\n                                    <\/div>\n                            <div class=\"dks-question-block\">\n                    <h3 class=\"dks-question-title\">Jak\u0105 form\u0119 ceremonii k\u0105pielowej wybierasz, aby w pe\u0142ni zanurzy\u0107 si\u0119 w rytuale?<\/h3>\n\n                                            <label class=\"dks-answer-label\" style=\"display:block;margin:6px 0;\">\n                            <input class=\"dks-radio\" type=\"radio\"\n                                   name=\"question_2\"\n                                   value='[8921]'\n                                   required>\n                            <span class=\"dks-answer-text\">Intensywne oczyszczenie i detoks: Preferuj\u0119 glink\u0119 Rhassoul i remineralizuj\u0105ce sole, kt\u00f3re intensywnie oczyszcz\u0105 i wch\u0142on\u0105 zanieczyszczenia, nie wysuszaj\u0105c sk\u00f3ry.<\/span>\n                        <\/label>\n                                            <label class=\"dks-answer-label\" style=\"display:block;margin:6px 0;\">\n                            <input class=\"dks-radio\" type=\"radio\"\n                                   name=\"question_2\"\n                                   value='[9002]'\n                                   required>\n                            <span class=\"dks-answer-text\">\u015awiadome przebudzenie i pobudzenie: Potrzebuj\u0119 stymulacji \u2013 bogactwa antyoksydant\u00f3w (Matcha, Spirulina) i minera\u0142\u00f3w, kt\u00f3re pobudz\u0105 zmys\u0142y i poprawi\u0105 j\u0119drno\u015b\u0107.<\/span>\n                        <\/label>\n                                            <label class=\"dks-answer-label\" style=\"display:block;margin:6px 0;\">\n                            <input class=\"dks-radio\" type=\"radio\"\n                                   name=\"question_2\"\n                                   value='[9000]'\n                                   required>\n                            <span class=\"dks-answer-text\">Luksusowa k\u0105piel mleczna: Pragn\u0119 jedwabistego wyg\u0142adzenia, zmi\u0119kczenia sk\u00f3ry proteinami mlecznymi i otulaj\u0105cego wsparcia bariery.<\/span>\n                        <\/label>\n                                    <\/div>\n                            <div class=\"dks-question-block\">\n                    <h3 class=\"dks-question-title\">Jaki wizualny i sensoryczny efekt ma da\u0107 idealny olejek do cia\u0142a?<\/h3>\n\n                                            <label class=\"dks-answer-label\" style=\"display:block;margin:6px 0;\">\n                            <input class=\"dks-radio\" type=\"radio\"\n                                   name=\"question_3\"\n                                   value='[8893]'\n                                   required>\n                            <span class=\"dks-answer-text\">Luminous glow: Chc\u0119 intensywnego od\u017cywienia, ale z dodatkiem mineralnej miki, kt\u00f3ra roz\u015bwietli i wyg\u0142adzi sk\u00f3r\u0119, niczym promienie s\u0142o\u0144ca.<\/span>\n                        <\/label>\n                                            <label class=\"dks-answer-label\" style=\"display:block;margin:6px 0;\">\n                            <input class=\"dks-radio\" type=\"radio\"\n                                   name=\"question_3\"\n                                   value='[8910]'\n                                   required>\n                            <span class=\"dks-answer-text\">G\u0142adko\u015b\u0107 i uj\u0119drnianie: Stawiam na g\u0142\u0119bok\u0105 regeneracj\u0119, uj\u0119drnianie i redukcj\u0119 drobnych niedoskona\u0142o\u015bci. Liczy si\u0119 dla mnie naturalny blask bez dodatkowych drobinek.<\/span>\n                        <\/label>\n                                            <label class=\"dks-answer-label\" style=\"display:block;margin:6px 0;\">\n                            <input class=\"dks-radio\" type=\"radio\"\n                                   name=\"question_3\"\n                                   value='[8901]'\n                                   required>\n                            <span class=\"dks-answer-text\">\u015awie\u017co\u015b\u0107 i energia: Szukam lekkiej formu\u0142y, kt\u00f3ra przede wszystkim nawil\u017cy, szybko si\u0119 wch\u0142onie i tonizuj\u0105co orze\u017awi (efekt mentolowej \u015bwie\u017co\u015bci).<\/span>\n                        <\/label>\n                                    <\/div>\n                            <div class=\"dks-question-block\">\n                    <h3 class=\"dks-question-title\">Jaki akord zapachowy rezonuje z Twoj\u0105 wewn\u0119trzn\u0105 kolekcj\u0105 chwil i ma Ci\u0119 otuli\u0107?<\/h3>\n\n                                            <label class=\"dks-answer-label\" style=\"display:block;margin:6px 0;\">\n                            <input class=\"dks-radio\" type=\"radio\"\n                                   name=\"question_4\"\n                                   value='[8919,9002,8901]'\n                                   required>\n                            <span class=\"dks-answer-text\">Czysta \u015bwie\u017co\u015b\u0107 i elegancja: Soczyste cytrusy, zielona herbata i delikatny akord drzewny. (Orze\u017awiaj\u0105cy, czysty, energetyzuj\u0105cy).<\/span>\n                        <\/label>\n                                            <label class=\"dks-answer-label\" style=\"display:block;margin:6px 0;\">\n                            <input class=\"dks-radio\" type=\"radio\"\n                                   name=\"question_4\"\n                                   value='[8921,8912,8893]'\n                                   required>\n                            <span class=\"dks-answer-text\">Ciep\u0142o i g\u0142\u0119boka zmys\u0142owo\u015b\u0107: Zamsz, drzewo sanda\u0142owe, irys i nuty pudrowe\/sk\u00f3rzane. (Luksusowy, orientalny, otulaj\u0105cy).<\/span>\n                        <\/label>\n                                            <label class=\"dks-answer-label\" style=\"display:block;margin:6px 0;\">\n                            <input class=\"dks-radio\" type=\"radio\"\n                                   name=\"question_4\"\n                                   value='[8910,9000,8792]'\n                                   required>\n                            <span class=\"dks-answer-text\">S\u0142odycz i uwodzenie: Mango, liczi, kwiat pomara\u0144czy z g\u0142\u0119bok\u0105 wanili\u0105 i paczul\u0105. (Soczysty, zmys\u0142owy, trwa\u0142y).<\/span>\n                        <\/label>\n                                    <\/div>\n            \n            <button type=\"submit\" class=\"dks-submit button\">Odkryj w\u0142asn\u0105 kolekcj\u0119<\/button>\n        <\/form>\n\n        <div id=\"dks-results\" class=\"dks-results\" style=\"margin-top:30px;\"><\/div>\n    <\/div>\n\n    <script type=\"text\/javascript\">\n    jQuery(document).ready(function($) {\n        $('#dks-form').on('submit', function(e) {\n            e.preventDefault();\n\n            var products = [];\n            $('input[type=radio]:checked').each(function() {\n                try {\n                    var ids = JSON.parse($(this).val());\n                    products = products.concat(ids);\n                } catch (ex) {\n                    \/\/ fallback: ignore\n                }\n            });\n\n            products = products.filter(function(value, index, self){\n                return value && self.indexOf(value) === index;\n            });\n\n            \/\/ send to server for WPML mapping & rendering\n            $.post(\n                'https:\/\/francineandmat.com\/wp-admin\/admin-ajax.php',\n                {\n                    action: 'dks_load_products',\n                    ids: products\n                },\n                function(response) {\n                    $('#dks-results').html(response);\n                    \/\/ scroll to results\n                    $('html,body').animate({scrollTop: $('#dks-results').offset().top - 20}, 400);\n                }\n            );\n        });\n    });\n    <\/script>\n\n    <\/p>\t\t\t\t\t\t\t\t<\/div>\n\t\t\t\t<\/div>\n\t\t\t\t\t<\/div>\n\t\t\t\t<\/div>\n\t\t\t\t<\/div>\n\t\t","protected":false},"excerpt":{"rendered":"<p>Beauty begins with the right match. Simply answer 5 questions to find products tailored to your needs.<\/p>\n","protected":false},"author":1,"featured_media":0,"parent":0,"menu_order":0,"comment_status":"closed","ping_status":"closed","template":"","meta":{"inline_featured_image":false,"footnotes":""},"class_list":["post-12120","page","type-page","status-publish","hentry"],"_links":{"self":[{"href":"https:\/\/francineandmat.com\/en\/wp-json\/wp\/v2\/pages\/12120","targetHints":{"allow":["GET"]}}],"collection":[{"href":"https:\/\/francineandmat.com\/en\/wp-json\/wp\/v2\/pages"}],"about":[{"href":"https:\/\/francineandmat.com\/en\/wp-json\/wp\/v2\/types\/page"}],"author":[{"embeddable":true,"href":"https:\/\/francineandmat.com\/en\/wp-json\/wp\/v2\/users\/1"}],"replies":[{"embeddable":true,"href":"https:\/\/francineandmat.com\/en\/wp-json\/wp\/v2\/comments?post=12120"}],"version-history":[{"count":2,"href":"https:\/\/francineandmat.com\/en\/wp-json\/wp\/v2\/pages\/12120\/revisions"}],"predecessor-version":[{"id":12122,"href":"https:\/\/francineandmat.com\/en\/wp-json\/wp\/v2\/pages\/12120\/revisions\/12122"}],"wp:attachment":[{"href":"https:\/\/francineandmat.com\/en\/wp-json\/wp\/v2\/media?parent=12120"}],"curies":[{"name":"wp","href":"https:\/\/api.w.org\/{rel}","templated":true}]}}